{"id":1168,"date":"2020-11-12T13:21:00","date_gmt":"2020-11-12T13:21:00","guid":{"rendered":"http:\/\/music.flatfull.com\/waveme\/?page_id=1168"},"modified":"2021-08-31T18:00:52","modified_gmt":"2021-08-31T18:00:52","slug":"terms","status":"publish","type":"page","link":"https:\/\/somwave.com\/index.php\/terms\/","title":{"rendered":"Termos &#038; servi\u00e7os"},"content":{"rendered":"\n<p>Ao visitar, acessar ou usar nosso site, voc\u00ea indica que tem o direito, autoridade e capacidade para celebrar este Acordo, que leu e entendeu este Acordo, e que VOC\u00ca CONCORDA EM ACEITAR TODOS OS TERMOS E CONDI\u00c7\u00d5ES DE ESTE CONTRATO, INCLUINDO AUTO-RENOVA\u00c7\u00d5ES DE SUA ASSINATURA E DISPOSI\u00c7\u00d5ES QUE REGEM A RESOLU\u00c7\u00c3O DE DISPUTAS. LEIA ESTES TERMOS COM ATEN\u00c7\u00c3O. SE VOC\u00ca N\u00c3O CONCORDAR, N\u00c3O ACESSE NEM USE OS SERVI\u00c7OS.<\/p>\n\n\n\n<div class=\"wp-block-columns is-layout-flex wp-container-core-columns-is-layout-9d6595d7 wp-block-columns-is-layout-flex\">\n<div class=\"wp-block-column is-layout-flow wp-block-column-is-layout-flow\" style=\"flex-basis:66.66%\">\n<h4 class=\"wp-block-heading\" id=\"introduction\"><strong>Introdu\u00e7\u00e3o<\/strong><\/h4>\n\n\n\n<p>Este documento (os \u201cTermos\u201d) juntamente com a Pol\u00edtica de Privacidade de Angola (coletivamente o \u201cAcordo\u201d) estabelece os termos e condi\u00e7\u00f5es que regem as visitas, acesso e uso do servi\u00e7o pelo usu\u00e1rio final (\u201cvoc\u00ea\u201d). O termo \u201cvoc\u00ea\u201d inclui usu\u00e1rios registrados adicionais sempre que permitido pela assinatura aplic\u00e1vel, visitantes e outros que acessam ou usam qualquer um dos Servi\u00e7os.<\/p>\n\n\n\n<p>Os \u201cServi\u00e7os\u201d significam o servi\u00e7o com a marca do nosso site, que s\u00e3o compat\u00edveis para servi\u00e7os de m\u00fasica digital situados de forma semelhante. Isso pode incluir, mas n\u00e3o est\u00e1 limitado a sites e aplicativos para desktops, tablets e telefones celulares, decodificadores e equipamento est\u00e9reo. Os Servi\u00e7os tamb\u00e9m incluem a capacidade de editar determinado Conte\u00fado do Servi\u00e7o.<\/p>\n\n\n\n<h4 class=\"wp-block-heading\" id=\"content-restrictions\"><strong>Restri\u00e7\u00f5es de conte\u00fado<\/strong><\/h4>\n\n\n\n<p>Os Servi\u00e7os cont\u00eam conte\u00fado, como grava\u00e7\u00f5es de som, obras audiovisuais, outras obras de v\u00eddeo ou \u00e1udio, clipes, imagens, gr\u00e1ficos, texto, software, obras de autoria, arquivos, documentos, aplicativos, arte, marcas registradas, nomes comerciais, metadados, t\u00edtulos de \u00e1lbuns , t\u00edtulos de grava\u00e7\u00e3o de som, nomes de artistas, propriedade intelectual ou materiais relacionados a eles ou quaisquer outros materiais e sua sele\u00e7\u00e3o, coordena\u00e7\u00e3o e arranjo (coletivamente, o &#8220;Conte\u00fado do Servi\u00e7o&#8221;). O Conte\u00fado do Servi\u00e7o \u00e9 propriedade do nosso site e \/ ou de terceiros e est\u00e1 protegido por direitos de autor ao abrigo das leis angolanas e estrangeiras.<\/p>\n\n\n\n<h4 class=\"wp-block-heading\" id=\"user-content\"><strong>Conte\u00fado do usu\u00e1rio<\/strong><\/h4>\n\n\n\n<p>Na medida permitida pelos Servi\u00e7os, quaisquer obras musicais (grava\u00e7\u00f5es de som e composi\u00e7\u00f5es musicais subjacentes), obras audiovisuais (incluindo, mas n\u00e3o se limitando a videoclipes premium , clipes e os chamados conte\u00fados audiovisuais &#8220;nos bastidores&#8221;), outro v\u00eddeo ou obras de \u00e1udio, imagens, gr\u00e1ficos, texto, obras de autoria, arquivos, documentos, aplicativos, obras de arte, marcas registradas, nomes comerciais, metadados, t\u00edtulos de \u00e1lbuns, t\u00edtulos de grava\u00e7\u00e3o de som, nomes de artistas, propriedade intelectual ou materiais relacionados ou quaisquer outros materiais que que voc\u00ea envia para o Servi\u00e7o (\u201cConte\u00fado do Usu\u00e1rio\u201d) s\u00e3o gerados, pertencentes e controlados exclusivamente por voc\u00ea e \/ ou seus licenciados. N\u00e3o reivindicamos quaisquer direitos de propriedade intelectual em qualquer Conte\u00fado do Usu\u00e1rio. Depois de enviar diretamente (\u201csubmeter\u201d) o seu Conte\u00fado do Usu\u00e1rio aos Servi\u00e7os, voc\u00ea continua a reter quaisquer direitos de propriedade intelectual que possa ter sobre o seu Conte\u00fado do Usu\u00e1rio, sujeito \u00e0 licen\u00e7a abaixo.<\/p>\n<\/div>\n\n\n\n<div class=\"wp-block-column is-layout-flow wp-block-column-is-layout-flow\" style=\"flex-basis:33.33%\">\n<ul class=\"sticky-top wp-block-list\"><li><a href=\"#introduction\"><a href=\"#introduction\">Introdu\u00e7\u00e3o<\/a><\/a><\/li><li><a href=\"#content-restrictions\"><a href=\"#content-restrictions\">Restri\u00e7\u00f5es de conte\u00fado<\/a><\/a><\/li><li><a href=\"#user-content\"><a href=\"#user-content\">Conte\u00fado do usu\u00e1rio<\/a><\/a><\/li><\/ul>\n<\/div>\n<\/div>\n","protected":false},"excerpt":{"rendered":"<p>Ao visitar, acessar ou usar nosso site, voc\u00ea indica que tem o direito, autoridade e capacidade para celebrar este Acordo,&#8230;<\/p>\n","protected":false},"author":1,"featured_media":0,"parent":0,"menu_order":0,"comment_status":"closed","ping_status":"closed","template":"","meta":{"type":"","auto_type":false,"post":"","stream":"","stream_url":"","waveform_data":[],"duration":0,"bpm":0,"downloadable":false,"download_url":"","purchase_title":"","purchase_url":"","post-count-all":0,"like_count":0,"download_count":0,"editor_note":"","copyright":"","footnotes":""},"class_list":["post-1168","page","type-page","status-publish","hentry","entry",""],"aioseo_notices":[],"_links":{"self":[{"href":"https:\/\/somwave.com\/index.php\/wp-json\/wp\/v2\/pages\/1168","targetHints":{"allow":["GET"]}}],"collection":[{"href":"https:\/\/somwave.com\/index.php\/wp-json\/wp\/v2\/pages"}],"about":[{"href":"https:\/\/somwave.com\/index.php\/wp-json\/wp\/v2\/types\/page"}],"author":[{"embeddable":true,"href":"https:\/\/somwave.com\/index.php\/wp-json\/wp\/v2\/users\/1"}],"replies":[{"embeddable":true,"href":"https:\/\/somwave.com\/index.php\/wp-json\/wp\/v2\/comments?post=1168"}],"version-history":[{"count":1,"href":"https:\/\/somwave.com\/index.php\/wp-json\/wp\/v2\/pages\/1168\/revisions"}],"predecessor-version":[{"id":1630,"href":"https:\/\/somwave.com\/index.php\/wp-json\/wp\/v2\/pages\/1168\/revisions\/1630"}],"wp:attachment":[{"href":"https:\/\/somwave.com\/index.php\/wp-json\/wp\/v2\/media?parent=1168"}],"curies":[{"name":"wp","href":"https:\/\/api.w.org\/{rel}","templated":true}]}}