{"id":1641,"date":"2021-08-31T18:31:12","date_gmt":"2021-08-31T18:31:12","guid":{"rendered":"https:\/\/somwave.com\/?page_id=1641"},"modified":"2025-01-07T13:33:31","modified_gmt":"2025-01-07T13:33:31","slug":"sobre-nos","status":"publish","type":"page","link":"https:\/\/somwave.com\/index.php\/sobre-nos\/","title":{"rendered":"Sobre Nos"},"content":{"rendered":"\n<p>Tema:<\/p>\n\n\n\n<p><br><strong>Plataforma Streaming SomWave:<\/strong><\/p>\n\n\n\n<p>\u00a0\u00c9 um servi\u00e7o digital que d\u00e1 acesso instant\u00e2neo de m\u00fasicas, podcasts, v\u00eddeos e outros conte\u00fados de criadores no mundo todo. As fun\u00e7\u00f5es b\u00e1sicas s\u00e3o gratuitas, como a reprodu\u00e7\u00e3o de m\u00fasicas, mas voc\u00ea tamb\u00e9m pode fazer upgrade para o pacote Gold Somwave.<\/p>\n\n\n\n<p><strong>MISS\u00c3O:<\/strong><\/p>\n\n\n\n<p><br>A SomWave: tem a miss\u00e3o de conquistar o maior n\u00famero de inscritos (clientes) a n\u00edvel<br>nacional, trabalhando no<br>intuito de melhorar a experi\u00eancia do usu\u00e1rio com a plataforma de streaming<br>na expans\u00e3o de conte\u00fados, melhorias da interface e outros.<\/p>\n\n\n\n<p><br><strong>VIS\u00c3O:<\/strong><\/p>\n\n\n\n<p><br>Ser o melhor servi\u00e7o de distribui\u00e7\u00e3o de entretenimento (streaming ) de Portugal,<br>licenciando o maior n\u00famero poss\u00edvel de conte\u00fado e criando um &#8220;ambiente&#8221; onde criadores<br>de conte\u00fado consigam ter uma audi\u00eancia a n\u00edvel nacional<\/p>\n\n\n\n<p><\/p>\n\n\n\n<p><strong>VALORES:<\/strong><\/p>\n\n\n\n<p><br>\uf0b7 Produtividade;<br>\uf0b7 Criatividade;<br>\uf0b7 Intelig\u00eancia;<br>\uf0b7 Honestidade;<br>\uf0b7 Comunica\u00e7\u00e3o;<br>\uf0b7 Paix\u00e3o;<br>\uf0b7 Confian\u00e7a;<\/p>\n\n\n\n<p><strong>OBJECTIVOS:<\/strong><\/p>\n\n\n\n<p><br>Conquistar o maior n\u00famero de inscritos (clientes) a n\u00edvel de Portugal, oferecendo muito<br>entretenimento na plataforma streaming SomWave.<\/p>\n\n\n\n<p>Coment\u00e1rio:<\/p>\n\n\n\n<p>Neste Projecto irei desenvolver uma plataforma web com o nome SomWave aonde os<br>subscritores da mesma iram ter acesso aos conte\u00fados diversos de v\u00eddeo streaming<\/p>\n","protected":false},"excerpt":{"rendered":"<p>Tema: Plataforma Streaming SomWave: \u00a0\u00c9 um servi\u00e7o digital que d\u00e1 acesso instant\u00e2neo de m\u00fasicas, podcasts, v\u00eddeos e outros conte\u00fados de&#8230;<\/p>\n","protected":false},"author":1,"featured_media":0,"parent":0,"menu_order":0,"comment_status":"closed","ping_status":"closed","template":"","meta":{"type":"","auto_type":false,"post":"","stream":"","stream_url":"","waveform_data":[],"duration":0,"bpm":0,"downloadable":false,"download_url":"","purchase_title":"","purchase_url":"","post-count-all":0,"like_count":0,"download_count":0,"editor_note":"","copyright":"","footnotes":""},"class_list":["post-1641","page","type-page","status-publish","hentry","entry",""],"aioseo_notices":[],"_links":{"self":[{"href":"https:\/\/somwave.com\/index.php\/wp-json\/wp\/v2\/pages\/1641","targetHints":{"allow":["GET"]}}],"collection":[{"href":"https:\/\/somwave.com\/index.php\/wp-json\/wp\/v2\/pages"}],"about":[{"href":"https:\/\/somwave.com\/index.php\/wp-json\/wp\/v2\/types\/page"}],"author":[{"embeddable":true,"href":"https:\/\/somwave.com\/index.php\/wp-json\/wp\/v2\/users\/1"}],"replies":[{"embeddable":true,"href":"https:\/\/somwave.com\/index.php\/wp-json\/wp\/v2\/comments?post=1641"}],"version-history":[{"count":2,"href":"https:\/\/somwave.com\/index.php\/wp-json\/wp\/v2\/pages\/1641\/revisions"}],"predecessor-version":[{"id":2151,"href":"https:\/\/somwave.com\/index.php\/wp-json\/wp\/v2\/pages\/1641\/revisions\/2151"}],"wp:attachment":[{"href":"https:\/\/somwave.com\/index.php\/wp-json\/wp\/v2\/media?parent=1641"}],"curies":[{"name":"wp","href":"https:\/\/api.w.org\/{rel}","templated":true}]}}